{"id":247,"date":"2020-04-02T17:22:06","date_gmt":"2020-04-02T15:22:06","guid":{"rendered":"https:\/\/demedici.fi\/?page_id=247"},"modified":"2024-06-01T18:59:11","modified_gmt":"2024-06-01T16:59:11","slug":"il-mercato-vecchio-di-firenze","status":"publish","type":"page","link":"https:\/\/demedici.fi\/en\/il-mercato-vecchio-di-firenze\/","title":{"rendered":"I &#8220;Fiorini Medicei&#8221;"},"content":{"rendered":"<div data-elementor-type=\"wp-page\" data-elementor-id=\"247\" class=\"elementor elementor-247\">\n\t\t\t\t\t\t<div class=\"elementor-inner\">\n\t\t\t\t<div class=\"elementor-section-wrap\">\n\t\t\t\t\t\t\t\t\t<section class=\"elementor-section elementor-top-section elementor-element elementor-element-297c67b3 elementor-section-boxed elementor-section-height-default elementor-section-height-default\" data-id=\"297c67b3\" data-element_type=\"section\">\n\t\t\t\t\t\t<div class=\"elementor-container elementor-column-gap-default\">\n\t\t\t\t\t\t\t<div class=\"elementor-row\">\n\t\t\t\t\t<div class=\"elementor-column elementor-col-100 elementor-top-column elementor-element elementor-element-5ccd4871\" data-id=\"5ccd4871\" data-element_type=\"column\">\n\t\t\t<div class=\"elementor-column-wrap elementor-element-populated\">\n\t\t\t\t\t\t\t<div class=\"elementor-widget-wrap\">\n\t\t\t\t\t\t<div class=\"elementor-element elementor-element-75b6897c elementor-widget elementor-widget-text-editor\" data-id=\"75b6897c\" data-element_type=\"widget\" data-widget_type=\"text-editor.default\">\n\t\t\t\t<div class=\"elementor-widget-container\">\n\t\t\t\t\t\t\t\t<div class=\"elementor-text-editor elementor-clearfix\">\n\t\t\t\t<p><!-- wp:paragraph --><\/p>\n<p style=\"font-variant-ligatures: normal; font-variant-caps: normal; font-family: Roboto, sans-serif; font-size: 16px; font-style: normal; font-weight: 400;\"><span style=\"font-variant-ligatures: normal; font-variant-caps: normal; font-family: Roboto, sans-serif; font-size: 16px; font-style: normal; font-weight: 400; color: var( --e-global-color-text );\">L&#8217;idea del Fiorino nasce perch\u00e8 durante il rinascimento la moneta della Firenze Medicea era infatti il\u00a0<\/span><a style=\"font-variant-ligatures: normal; font-variant-caps: normal; font-family: Roboto, sans-serif; font-size: 16px; font-style: normal; font-weight: 400; background-color: #ffffff;\" href=\"http:\/\/www.ilgiornaledellanumismatica.it\/dossier-speciale-il-fiorino-di-firenze-breve-storia-del-dollaro-del-medioevo\/\" target=\"_blank\" rel=\"noreferrer noopener\">Fiorino<\/a><span style=\"font-variant-ligatures: normal; font-variant-caps: normal; font-family: Roboto, sans-serif; font-size: 16px; font-style: normal; font-weight: 400; color: var( --e-global-color-text );\">, una moneta coniata in oro 24K e del peso di gr.3,59 diventata presto apprezzata e famosa in tutto il mondo grazie suo valore di scambio molto elevato; tutti i mercanti e gli artigiani della antica corporazioni Arti e Mestieri di Firenze vendevano quindi le proprie merci utilizzando i Fiorini d&#8217;Oro, oppure i loro multipli in argento o in rame di valore assai meno elevato.<\/span><span style=\"font-variant-ligatures: normal; font-variant-caps: normal; font-family: Roboto, sans-serif; font-size: 16px; font-style: normal; font-weight: 400; color: var( --e-global-color-text );\"><br \/><\/span><\/p>\n<p style=\"font-variant-ligatures: normal; font-variant-caps: normal; font-family: Roboto, sans-serif; font-size: 16px; font-style: normal;\"><span style=\"font-weight: 400; font-variant-ligatures: normal; font-variant-caps: normal; font-family: Roboto, sans-serif; font-size: 16px; font-style: normal; color: var( --e-global-color-text );\">Volendo attrarre l&#8217;attenzione sulla economia umanistica ed il suo ruolo nella Societ\u00e0 civile contemporanea, la corporazione Umanistica Arti e mestieri umanistici, per volont\u00e0 di S.A.R. il Granduca Ottaviano de&#8217; Medici di Toscana, ha\u00a0 ripristinato nel 2020 l&#8217;uso del Fiorino di Firenze come <\/span><span style=\"font-variant-ligatures: normal; font-variant-caps: normal; font-family: Roboto, sans-serif; font-size: 16px; font-style: normal; color: var( --e-global-color-text );\"><b>buoni regalo<\/b><\/span><span style=\"font-weight: 400; font-variant-ligatures: normal; font-variant-caps: normal; font-family: Roboto, sans-serif; font-size: 16px; font-style: normal; color: var( --e-global-color-text );\"> (voucher) della Corporazione Medicea Arte e Mestieri Umanistici\u00a0<\/span><span style=\"font-weight: 400; color: var( --e-global-color-text ); font-family: Roboto, sans-serif; font-size: 16px; font-style: normal; font-variant-ligatures: normal; font-variant-caps: normal;\">spendibili presso l&#8217;impresa del &#8220;mercante&#8221; prescelto al momento dell&#8217;acquisto del buono medesimo.<\/span><\/p>\n<p>\u00a0<\/p>\n<p style=\"font-variant-ligatures: normal; font-variant-caps: normal; font-family: Roboto, sans-serif; font-size: 16px; font-style: normal; font-weight: 400;\">\u00a0<\/p>\n<p><!-- \/wp:paragraph --><\/p>\n<p><!-- wp:heading --><\/p>\n<h2>Come funziona<\/h2>\n<p><!-- \/wp:heading --><\/p>\n<p><!-- wp:paragraph --><\/p>\n<p>Visitando la nostra pagina &#8220;sostieni&#8221; l&#8217;acquirente seleziona l&#8217;esercizio che intende aiutare e sceglie l&#8217;importo del voucher tra quelli disponibili.<\/p>\n<p><!-- \/wp:paragraph --><\/p>\n<p><!-- wp:list --><\/p>\n<ul>\n<li><strong>1<\/strong> <strong>Fiorino di rame (equivalente a 5\u20ac);<\/strong><\/li>\n<li><strong>1 Fiorino d&#8217;argento (equivalente a 50\u20ac);<\/strong><\/li>\n<li><strong>1 Fiorino d&#8217;oro (equivalente a 1000\u20ac<\/strong>).<\/li>\n<\/ul>\n<p><!-- \/wp:list --><\/p>\n<p><!-- wp:paragraph --><\/p>\n<p>Dopo che l&#8217;acquirente avr\u00e0 effettuato l&#8217;acquisto on line dei Fiorini Medicei, la Corporazione Medicea Arti e mestieri umanistici, attraverso la Associazione Internazionale Medicea che gestisce questo sito, entro tre giorni lavorativi invier\u00e0 al venditore e all&#8217;acquirente un medesimo codice univoco.<\/p>\n<p><!-- \/wp:paragraph --><\/p>\n<p><!-- wp:paragraph --><\/p>\n<p>All&#8217;atto dell&#8217;acquisto avvenuto presso i locali dell&#8217;attivit\u00e0 oppure on line, l&#8217;acquirente dovr\u00e0 mostrare o comunicare il codice univoco al titolare dell&#8217;attivit\u00e0 o chi per esso, il quale riconoscendo il codice, non chieder\u00e0 alcun corrispettivo in denaro e rilascer\u00e0 una fattura o ricevuta fiscale intestata all&#8217;acquirente.<\/p>\n<p><!-- \/wp:paragraph --><\/p>\n<p><!-- wp:paragraph --><\/p>\n<p>La Corporazione Medicea Arti e mestieri umanistici non si occupa in alcun modo della compravendita successiva all&#8217;emissione del &#8220;voucher&#8221;; pertanto l&#8217;acquirente dovr\u00e0 rivolgersi sempre e solo al negozio o al suo titolare i cui nominativi e recapiti sono indicati sulla scheda esercente che si trova sulla pagina &#8220;sostieni&#8221;.<\/p>\n<p><!-- \/wp:paragraph --><\/p>\t\t\t\t\t<\/div>\n\t\t\t\t\t\t<\/div>\n\t\t\t\t<\/div>\n\t\t\t\t\t\t<\/div>\n\t\t\t\t\t<\/div>\n\t\t<\/div>\n\t\t\t\t\t\t\t\t<\/div>\n\t\t\t\t\t<\/div>\n\t\t<\/section>\n\t\t\t\t\t\t\t\t\t<\/div>\n\t\t\t<\/div>\n\t\t\t\t\t<\/div>","protected":false},"excerpt":{"rendered":"<p>L&#8217;idea del Fiorino nasce perch\u00e8 durante il rinascimento la moneta della Firenze Medicea era infatti il\u00a0Fiorino, una moneta coniata in oro 24K e del peso di gr.3,59 diventata presto apprezzata e famosa in tutto il mondo grazie suo valore di scambio molto elevato; tutti i mercanti e gli artigiani della antica corporazioni Arti e Mestieri [&hellip;]<\/p>","protected":false},"author":1,"featured_media":0,"parent":0,"menu_order":0,"comment_status":"closed","ping_status":"closed","template":"","meta":[],"yoast_head":"<!-- This site is optimized with the Yoast SEO plugin v20.7 - https:\/\/yoast.com\/wordpress\/plugins\/seo\/ -->\n<title>I &quot;Fiorini Medicei&quot; - Demedici.fi<\/title>\n<meta name=\"robots\" content=\"index, follow, max-snippet:-1, max-image-preview:large, max-video-preview:-1\" \/>\n<link rel=\"canonical\" href=\"https:\/\/demedici.fi\/en\/il-mercato-vecchio-di-firenze\/\" \/>\n<meta property=\"og:locale\" content=\"en_GB\" \/>\n<meta property=\"og:type\" content=\"article\" \/>\n<meta property=\"og:title\" content=\"I &quot;Fiorini Medicei&quot; - Demedici.fi\" \/>\n<meta property=\"og:description\" content=\"L&#8217;idea del Fiorino nasce perch\u00e8 durante il rinascimento la moneta della Firenze Medicea era infatti il\u00a0Fiorino, una moneta coniata in oro 24K e del peso di gr.3,59 diventata presto apprezzata e famosa in tutto il mondo grazie suo valore di scambio molto elevato; tutti i mercanti e gli artigiani della antica corporazioni Arti e Mestieri [&hellip;]\" \/>\n<meta property=\"og:url\" content=\"https:\/\/demedici.fi\/en\/il-mercato-vecchio-di-firenze\/\" \/>\n<meta property=\"og:site_name\" content=\"Demedici.fi\" \/>\n<meta property=\"article:modified_time\" content=\"2024-06-01T16:59:11+00:00\" \/>\n<meta property=\"og:image\" content=\"https:\/\/demedici.fi\/wp-content\/uploads\/2020\/05\/og_image_demedici_new.jpg\" \/>\n\t<meta property=\"og:image:width\" content=\"1200\" \/>\n\t<meta property=\"og:image:height\" content=\"630\" \/>\n\t<meta property=\"og:image:type\" content=\"image\/jpeg\" \/>\n<meta name=\"twitter:card\" content=\"summary_large_image\" \/>\n<meta name=\"twitter:label1\" content=\"Estimated reading time\" \/>\n\t<meta name=\"twitter:data1\" content=\"2 minutes\" \/>\n<script type=\"application\/ld+json\" class=\"yoast-schema-graph\">{\"@context\":\"https:\/\/schema.org\",\"@graph\":[{\"@type\":\"WebPage\",\"@id\":\"https:\/\/demedici.fi\/il-mercato-vecchio-di-firenze\/\",\"url\":\"https:\/\/demedici.fi\/il-mercato-vecchio-di-firenze\/\",\"name\":\"I \\\"Fiorini Medicei\\\" - Demedici.fi\",\"isPartOf\":{\"@id\":\"https:\/\/demedici.fi\/#website\"},\"datePublished\":\"2020-04-02T15:22:06+00:00\",\"dateModified\":\"2024-06-01T16:59:11+00:00\",\"breadcrumb\":{\"@id\":\"https:\/\/demedici.fi\/il-mercato-vecchio-di-firenze\/#breadcrumb\"},\"inLanguage\":\"en-GB\",\"potentialAction\":[{\"@type\":\"ReadAction\",\"target\":[\"https:\/\/demedici.fi\/il-mercato-vecchio-di-firenze\/\"]}]},{\"@type\":\"BreadcrumbList\",\"@id\":\"https:\/\/demedici.fi\/il-mercato-vecchio-di-firenze\/#breadcrumb\",\"itemListElement\":[{\"@type\":\"ListItem\",\"position\":1,\"name\":\"Home\",\"item\":\"https:\/\/demedici.fi\/\"},{\"@type\":\"ListItem\",\"position\":2,\"name\":\"I &#8220;Fiorini Medicei&#8221;\"}]},{\"@type\":\"WebSite\",\"@id\":\"https:\/\/demedici.fi\/#website\",\"url\":\"https:\/\/demedici.fi\/\",\"name\":\"Demedici.fi\",\"description\":\"Ordine Civico Mediceo\",\"publisher\":{\"@id\":\"https:\/\/demedici.fi\/#organization\"},\"potentialAction\":[{\"@type\":\"SearchAction\",\"target\":{\"@type\":\"EntryPoint\",\"urlTemplate\":\"https:\/\/demedici.fi\/?s={search_term_string}\"},\"query-input\":\"required name=search_term_string\"}],\"inLanguage\":\"en-GB\"},{\"@type\":\"Organization\",\"@id\":\"https:\/\/demedici.fi\/#organization\",\"name\":\"Demedici.fi\",\"url\":\"https:\/\/demedici.fi\/\",\"logo\":{\"@type\":\"ImageObject\",\"inLanguage\":\"en-GB\",\"@id\":\"https:\/\/demedici.fi\/#\/schema\/logo\/image\/\",\"url\":\"https:\/\/demedici.fi\/wp-content\/uploads\/2020\/03\/cropped-ordine-civico-mediceo-logo2-1-1.png\",\"contentUrl\":\"https:\/\/demedici.fi\/wp-content\/uploads\/2020\/03\/cropped-ordine-civico-mediceo-logo2-1-1.png\",\"width\":1800,\"height\":568,\"caption\":\"Demedici.fi\"},\"image\":{\"@id\":\"https:\/\/demedici.fi\/#\/schema\/logo\/image\/\"}}]}<\/script>\n<!-- \/ Yoast SEO plugin. -->","yoast_head_json":{"title":"I \"Fiorini Medicei\" - Demedici.fi","robots":{"index":"index","follow":"follow","max-snippet":"max-snippet:-1","max-image-preview":"max-image-preview:large","max-video-preview":"max-video-preview:-1"},"canonical":"https:\/\/demedici.fi\/en\/il-mercato-vecchio-di-firenze\/","og_locale":"en_GB","og_type":"article","og_title":"I \"Fiorini Medicei\" - Demedici.fi","og_description":"L&#8217;idea del Fiorino nasce perch\u00e8 durante il rinascimento la moneta della Firenze Medicea era infatti il\u00a0Fiorino, una moneta coniata in oro 24K e del peso di gr.3,59 diventata presto apprezzata e famosa in tutto il mondo grazie suo valore di scambio molto elevato; tutti i mercanti e gli artigiani della antica corporazioni Arti e Mestieri [&hellip;]","og_url":"https:\/\/demedici.fi\/en\/il-mercato-vecchio-di-firenze\/","og_site_name":"Demedici.fi","article_modified_time":"2024-06-01T16:59:11+00:00","og_image":[{"width":1200,"height":630,"url":"https:\/\/demedici.fi\/wp-content\/uploads\/2020\/05\/og_image_demedici_new.jpg","type":"image\/jpeg"}],"twitter_card":"summary_large_image","twitter_misc":{"Estimated reading time":"2 minutes"},"schema":{"@context":"https:\/\/schema.org","@graph":[{"@type":"WebPage","@id":"https:\/\/demedici.fi\/il-mercato-vecchio-di-firenze\/","url":"https:\/\/demedici.fi\/il-mercato-vecchio-di-firenze\/","name":"I \"Fiorini Medicei\" - Demedici.fi","isPartOf":{"@id":"https:\/\/demedici.fi\/#website"},"datePublished":"2020-04-02T15:22:06+00:00","dateModified":"2024-06-01T16:59:11+00:00","breadcrumb":{"@id":"https:\/\/demedici.fi\/il-mercato-vecchio-di-firenze\/#breadcrumb"},"inLanguage":"en-GB","potentialAction":[{"@type":"ReadAction","target":["https:\/\/demedici.fi\/il-mercato-vecchio-di-firenze\/"]}]},{"@type":"BreadcrumbList","@id":"https:\/\/demedici.fi\/il-mercato-vecchio-di-firenze\/#breadcrumb","itemListElement":[{"@type":"ListItem","position":1,"name":"Home","item":"https:\/\/demedici.fi\/"},{"@type":"ListItem","position":2,"name":"I &#8220;Fiorini Medicei&#8221;"}]},{"@type":"WebSite","@id":"https:\/\/demedici.fi\/#website","url":"https:\/\/demedici.fi\/","name":"Demedici.fi","description":"Ordine Civico Mediceo","publisher":{"@id":"https:\/\/demedici.fi\/#organization"},"potentialAction":[{"@type":"SearchAction","target":{"@type":"EntryPoint","urlTemplate":"https:\/\/demedici.fi\/?s={search_term_string}"},"query-input":"required name=search_term_string"}],"inLanguage":"en-GB"},{"@type":"Organization","@id":"https:\/\/demedici.fi\/#organization","name":"Demedici.fi","url":"https:\/\/demedici.fi\/","logo":{"@type":"ImageObject","inLanguage":"en-GB","@id":"https:\/\/demedici.fi\/#\/schema\/logo\/image\/","url":"https:\/\/demedici.fi\/wp-content\/uploads\/2020\/03\/cropped-ordine-civico-mediceo-logo2-1-1.png","contentUrl":"https:\/\/demedici.fi\/wp-content\/uploads\/2020\/03\/cropped-ordine-civico-mediceo-logo2-1-1.png","width":1800,"height":568,"caption":"Demedici.fi"},"image":{"@id":"https:\/\/demedici.fi\/#\/schema\/logo\/image\/"}}]}},"_links":{"self":[{"href":"https:\/\/demedici.fi\/en\/wp-json\/wp\/v2\/pages\/247"}],"collection":[{"href":"https:\/\/demedici.fi\/en\/wp-json\/wp\/v2\/pages"}],"about":[{"href":"https:\/\/demedici.fi\/en\/wp-json\/wp\/v2\/types\/page"}],"author":[{"embeddable":true,"href":"https:\/\/demedici.fi\/en\/wp-json\/wp\/v2\/users\/1"}],"replies":[{"embeddable":true,"href":"https:\/\/demedici.fi\/en\/wp-json\/wp\/v2\/comments?post=247"}],"version-history":[{"count":64,"href":"https:\/\/demedici.fi\/en\/wp-json\/wp\/v2\/pages\/247\/revisions"}],"predecessor-version":[{"id":1144,"href":"https:\/\/demedici.fi\/en\/wp-json\/wp\/v2\/pages\/247\/revisions\/1144"}],"wp:attachment":[{"href":"https:\/\/demedici.fi\/en\/wp-json\/wp\/v2\/media?parent=247"}],"curies":[{"name":"wp","href":"https:\/\/api.w.org\/{rel}","templated":true}]}}