{"id":923,"date":"2021-06-19T10:42:14","date_gmt":"2021-06-19T08:42:14","guid":{"rendered":"https:\/\/demedici.fi\/?page_id=923"},"modified":"2024-06-01T20:32:03","modified_gmt":"2024-06-01T18:32:03","slug":"brevetto-granducale-con-stemma-mediceo","status":"publish","type":"page","link":"https:\/\/demedici.fi\/en\/iscrivi-la-tua-azienda\/brevetto-granducale-con-stemma-mediceo\/","title":{"rendered":"Brevetto Granducale con Stemma Mediceo"},"content":{"rendered":"<p>Il Brevetto Granducale con stemma Mediceo \u00e8 un marchio di riconoscimento delle imprese appartenenti all\u2019Albo d\u2019Oro della Corporazione Medicea delle antiche Arti e Mestieri.<\/p>\n\n\n\n<p>Il brevetto pu\u00f2 essere riconosciuto anche a coloro i quali, pur non essendo membri della Corporazione Medicea delle antiche Arti e Mestieri, hanno fornito beni o servizi alla famiglia di S.A.R il Granduca Ottaviano de\u2019 Medici di Toscana per almeno cinque anni e che hanno un accordo commerciale in corso<\/p>\n\n\n\n<p>Unicamente Sua Altezza Reale il Granduca Ottaviano de\u2019Medici di Toscana decide a chi assegnare il Brevetto<\/p>\n\n\n\n<p>Brevetto Granducale \u00e8 anche il documento che nomina la societ\u00e0 nella sua capacit\u00e0 commerciale di impresa umanistica medicea nell&#8217;ambito delle attivit\u00e0 previste e viene concesso a un\u2019 impresa o un individuo\u00a0 nominato, noto come\u00a0<em>Titolare<\/em>. Il Brevetto concede all\u2019Affiliato l\u2019autorizzazione e la responsabilit\u00e0 di disporre dello stemma Granducale Mediceo in relazione alla propria attivit\u00e0 commerciale.<\/p>\n\n\n\n<p>Il Brevetto Granducale non viene concesso per servizi professionali \u2013 ad es.&nbsp;banchieri, broker o agenti, avvocati, agenzie di collocamento, fornitori di servizi di formazione, servizi veterinari, agenzie governative \u2013 oppure a giornali, riviste, riviste, periodici o pubblicazioni simili.<\/p>\n\n\n\n<p>Un Brevetto Granducale&nbsp; \u00e8 generalmente concesso per un massimo di cinque anni e riesaminato nell\u2019anno precedente la scadenza, in modo da poter decidere se deve essere rinnovato per un altro periodo fino a cinque anni.<\/p>\n\n\n\n<p>Le domande di concessione del Brevetto Granducale si aprono all\u2019inizio di maggio e si chiudono alla fine di giugno.\u00a0I moduli di domanda e le istruzioni sono disponibili presso l\u2019Associazione Internazionale Medicea su richiesta solo durante questo periodo.\u00a0Ogni domanda \u00e8 esaminata dal Consiglio Civic Mediceo locale, che formula le proprie raccomandazioni a Sua Altezza Reale il Granduca di Toscana concedente. Prima della concessione i Titolari dovranno firmanre un apposito modulo.<\/p>","protected":false},"excerpt":{"rendered":"<p>Il Brevetto Granducale con stemma Mediceo \u00e8 un marchio di riconoscimento delle imprese appartenenti all\u2019Albo d\u2019Oro della Corporazione Medicea delle antiche Arti e Mestieri. Il brevetto pu\u00f2 essere riconosciuto anche a coloro i quali, pur non essendo membri della Corporazione Medicea delle antiche Arti e Mestieri, hanno fornito beni o servizi alla famiglia di S.A.R [&hellip;]<\/p>","protected":false},"author":1,"featured_media":0,"parent":253,"menu_order":3,"comment_status":"closed","ping_status":"closed","template":"","meta":[],"yoast_head":"<!-- This site is optimized with the Yoast SEO plugin v20.7 - https:\/\/yoast.com\/wordpress\/plugins\/seo\/ -->\n<title>Brevetto Granducale con Stemma Mediceo - Demedici.fi<\/title>\n<meta name=\"robots\" content=\"index, follow, max-snippet:-1, max-image-preview:large, max-video-preview:-1\" \/>\n<link rel=\"canonical\" href=\"https:\/\/demedici.fi\/en\/iscrivi-la-tua-azienda\/brevetto-granducale-con-stemma-mediceo\/\" \/>\n<meta property=\"og:locale\" content=\"en_GB\" \/>\n<meta property=\"og:type\" content=\"article\" \/>\n<meta property=\"og:title\" content=\"Brevetto Granducale con Stemma Mediceo - Demedici.fi\" \/>\n<meta property=\"og:description\" content=\"Il Brevetto Granducale con stemma Mediceo \u00e8 un marchio di riconoscimento delle imprese appartenenti all\u2019Albo d\u2019Oro della Corporazione Medicea delle antiche Arti e Mestieri. Il brevetto pu\u00f2 essere riconosciuto anche a coloro i quali, pur non essendo membri della Corporazione Medicea delle antiche Arti e Mestieri, hanno fornito beni o servizi alla famiglia di S.A.R [&hellip;]\" \/>\n<meta property=\"og:url\" content=\"https:\/\/demedici.fi\/en\/iscrivi-la-tua-azienda\/brevetto-granducale-con-stemma-mediceo\/\" \/>\n<meta property=\"og:site_name\" content=\"Demedici.fi\" \/>\n<meta property=\"article:modified_time\" content=\"2024-06-01T18:32:03+00:00\" \/>\n<meta property=\"og:image\" content=\"https:\/\/demedici.fi\/wp-content\/uploads\/2020\/05\/og_image_demedici_new.jpg\" \/>\n\t<meta property=\"og:image:width\" content=\"1200\" \/>\n\t<meta property=\"og:image:height\" content=\"630\" \/>\n\t<meta property=\"og:image:type\" content=\"image\/jpeg\" \/>\n<meta name=\"twitter:card\" content=\"summary_large_image\" \/>\n<meta name=\"twitter:label1\" content=\"Estimated reading time\" \/>\n\t<meta name=\"twitter:data1\" content=\"2 minutes\" \/>\n<script type=\"application\/ld+json\" class=\"yoast-schema-graph\">{\"@context\":\"https:\/\/schema.org\",\"@graph\":[{\"@type\":\"WebPage\",\"@id\":\"https:\/\/demedici.fi\/iscrivi-la-tua-azienda\/brevetto-granducale-con-stemma-mediceo\/\",\"url\":\"https:\/\/demedici.fi\/iscrivi-la-tua-azienda\/brevetto-granducale-con-stemma-mediceo\/\",\"name\":\"Brevetto Granducale con Stemma Mediceo - Demedici.fi\",\"isPartOf\":{\"@id\":\"https:\/\/demedici.fi\/#website\"},\"datePublished\":\"2021-06-19T08:42:14+00:00\",\"dateModified\":\"2024-06-01T18:32:03+00:00\",\"breadcrumb\":{\"@id\":\"https:\/\/demedici.fi\/iscrivi-la-tua-azienda\/brevetto-granducale-con-stemma-mediceo\/#breadcrumb\"},\"inLanguage\":\"en-GB\",\"potentialAction\":[{\"@type\":\"ReadAction\",\"target\":[\"https:\/\/demedici.fi\/iscrivi-la-tua-azienda\/brevetto-granducale-con-stemma-mediceo\/\"]}]},{\"@type\":\"BreadcrumbList\",\"@id\":\"https:\/\/demedici.fi\/iscrivi-la-tua-azienda\/brevetto-granducale-con-stemma-mediceo\/#breadcrumb\",\"itemListElement\":[{\"@type\":\"ListItem\",\"position\":1,\"name\":\"Home\",\"item\":\"https:\/\/demedici.fi\/\"},{\"@type\":\"ListItem\",\"position\":2,\"name\":\"Iscriviti alla Corporazione e ricevi il Brevetto Granducale di &#8220;Impresa umanistica Medicea&#8221;\",\"item\":\"https:\/\/demedici.fi\/iscrivi-la-tua-azienda\/\"},{\"@type\":\"ListItem\",\"position\":3,\"name\":\"Brevetto Granducale con Stemma Mediceo\"}]},{\"@type\":\"WebSite\",\"@id\":\"https:\/\/demedici.fi\/#website\",\"url\":\"https:\/\/demedici.fi\/\",\"name\":\"Demedici.fi\",\"description\":\"Ordine Civico Mediceo\",\"publisher\":{\"@id\":\"https:\/\/demedici.fi\/#organization\"},\"potentialAction\":[{\"@type\":\"SearchAction\",\"target\":{\"@type\":\"EntryPoint\",\"urlTemplate\":\"https:\/\/demedici.fi\/?s={search_term_string}\"},\"query-input\":\"required name=search_term_string\"}],\"inLanguage\":\"en-GB\"},{\"@type\":\"Organization\",\"@id\":\"https:\/\/demedici.fi\/#organization\",\"name\":\"Demedici.fi\",\"url\":\"https:\/\/demedici.fi\/\",\"logo\":{\"@type\":\"ImageObject\",\"inLanguage\":\"en-GB\",\"@id\":\"https:\/\/demedici.fi\/#\/schema\/logo\/image\/\",\"url\":\"https:\/\/demedici.fi\/wp-content\/uploads\/2020\/03\/cropped-ordine-civico-mediceo-logo2-1-1.png\",\"contentUrl\":\"https:\/\/demedici.fi\/wp-content\/uploads\/2020\/03\/cropped-ordine-civico-mediceo-logo2-1-1.png\",\"width\":1800,\"height\":568,\"caption\":\"Demedici.fi\"},\"image\":{\"@id\":\"https:\/\/demedici.fi\/#\/schema\/logo\/image\/\"}}]}<\/script>\n<!-- \/ Yoast SEO plugin. -->","yoast_head_json":{"title":"Brevetto Granducale con Stemma Mediceo - Demedici.fi","robots":{"index":"index","follow":"follow","max-snippet":"max-snippet:-1","max-image-preview":"max-image-preview:large","max-video-preview":"max-video-preview:-1"},"canonical":"https:\/\/demedici.fi\/en\/iscrivi-la-tua-azienda\/brevetto-granducale-con-stemma-mediceo\/","og_locale":"en_GB","og_type":"article","og_title":"Brevetto Granducale con Stemma Mediceo - Demedici.fi","og_description":"Il Brevetto Granducale con stemma Mediceo \u00e8 un marchio di riconoscimento delle imprese appartenenti all\u2019Albo d\u2019Oro della Corporazione Medicea delle antiche Arti e Mestieri. Il brevetto pu\u00f2 essere riconosciuto anche a coloro i quali, pur non essendo membri della Corporazione Medicea delle antiche Arti e Mestieri, hanno fornito beni o servizi alla famiglia di S.A.R [&hellip;]","og_url":"https:\/\/demedici.fi\/en\/iscrivi-la-tua-azienda\/brevetto-granducale-con-stemma-mediceo\/","og_site_name":"Demedici.fi","article_modified_time":"2024-06-01T18:32:03+00:00","og_image":[{"width":1200,"height":630,"url":"https:\/\/demedici.fi\/wp-content\/uploads\/2020\/05\/og_image_demedici_new.jpg","type":"image\/jpeg"}],"twitter_card":"summary_large_image","twitter_misc":{"Estimated reading time":"2 minutes"},"schema":{"@context":"https:\/\/schema.org","@graph":[{"@type":"WebPage","@id":"https:\/\/demedici.fi\/iscrivi-la-tua-azienda\/brevetto-granducale-con-stemma-mediceo\/","url":"https:\/\/demedici.fi\/iscrivi-la-tua-azienda\/brevetto-granducale-con-stemma-mediceo\/","name":"Brevetto Granducale con Stemma Mediceo - Demedici.fi","isPartOf":{"@id":"https:\/\/demedici.fi\/#website"},"datePublished":"2021-06-19T08:42:14+00:00","dateModified":"2024-06-01T18:32:03+00:00","breadcrumb":{"@id":"https:\/\/demedici.fi\/iscrivi-la-tua-azienda\/brevetto-granducale-con-stemma-mediceo\/#breadcrumb"},"inLanguage":"en-GB","potentialAction":[{"@type":"ReadAction","target":["https:\/\/demedici.fi\/iscrivi-la-tua-azienda\/brevetto-granducale-con-stemma-mediceo\/"]}]},{"@type":"BreadcrumbList","@id":"https:\/\/demedici.fi\/iscrivi-la-tua-azienda\/brevetto-granducale-con-stemma-mediceo\/#breadcrumb","itemListElement":[{"@type":"ListItem","position":1,"name":"Home","item":"https:\/\/demedici.fi\/"},{"@type":"ListItem","position":2,"name":"Iscriviti alla Corporazione e ricevi il Brevetto Granducale di &#8220;Impresa umanistica Medicea&#8221;","item":"https:\/\/demedici.fi\/iscrivi-la-tua-azienda\/"},{"@type":"ListItem","position":3,"name":"Brevetto Granducale con Stemma Mediceo"}]},{"@type":"WebSite","@id":"https:\/\/demedici.fi\/#website","url":"https:\/\/demedici.fi\/","name":"Demedici.fi","description":"Ordine Civico Mediceo","publisher":{"@id":"https:\/\/demedici.fi\/#organization"},"potentialAction":[{"@type":"SearchAction","target":{"@type":"EntryPoint","urlTemplate":"https:\/\/demedici.fi\/?s={search_term_string}"},"query-input":"required name=search_term_string"}],"inLanguage":"en-GB"},{"@type":"Organization","@id":"https:\/\/demedici.fi\/#organization","name":"Demedici.fi","url":"https:\/\/demedici.fi\/","logo":{"@type":"ImageObject","inLanguage":"en-GB","@id":"https:\/\/demedici.fi\/#\/schema\/logo\/image\/","url":"https:\/\/demedici.fi\/wp-content\/uploads\/2020\/03\/cropped-ordine-civico-mediceo-logo2-1-1.png","contentUrl":"https:\/\/demedici.fi\/wp-content\/uploads\/2020\/03\/cropped-ordine-civico-mediceo-logo2-1-1.png","width":1800,"height":568,"caption":"Demedici.fi"},"image":{"@id":"https:\/\/demedici.fi\/#\/schema\/logo\/image\/"}}]}},"_links":{"self":[{"href":"https:\/\/demedici.fi\/en\/wp-json\/wp\/v2\/pages\/923"}],"collection":[{"href":"https:\/\/demedici.fi\/en\/wp-json\/wp\/v2\/pages"}],"about":[{"href":"https:\/\/demedici.fi\/en\/wp-json\/wp\/v2\/types\/page"}],"author":[{"embeddable":true,"href":"https:\/\/demedici.fi\/en\/wp-json\/wp\/v2\/users\/1"}],"replies":[{"embeddable":true,"href":"https:\/\/demedici.fi\/en\/wp-json\/wp\/v2\/comments?post=923"}],"version-history":[{"count":4,"href":"https:\/\/demedici.fi\/en\/wp-json\/wp\/v2\/pages\/923\/revisions"}],"predecessor-version":[{"id":1171,"href":"https:\/\/demedici.fi\/en\/wp-json\/wp\/v2\/pages\/923\/revisions\/1171"}],"up":[{"embeddable":true,"href":"https:\/\/demedici.fi\/en\/wp-json\/wp\/v2\/pages\/253"}],"wp:attachment":[{"href":"https:\/\/demedici.fi\/en\/wp-json\/wp\/v2\/media?parent=923"}],"curies":[{"name":"wp","href":"https:\/\/api.w.org\/{rel}","templated":true}]}}