{"id":929,"date":"2021-06-19T10:57:15","date_gmt":"2021-06-19T08:57:15","guid":{"rendered":"https:\/\/demedici.fi\/?page_id=929"},"modified":"2021-06-19T13:10:35","modified_gmt":"2021-06-19T11:10:35","slug":"fondo-mediceo-borse-di-studio-fmbs","status":"publish","type":"page","link":"https:\/\/demedici.fi\/en\/iscrivi-la-tua-azienda\/fondo-mediceo-borse-di-studio-fmbs\/","title":{"rendered":"Fondo Mediceo Borse di Studio (FMBS)"},"content":{"rendered":"<p><strong>FMBS<\/strong> (fondo Mediceo borse di studio) \u00e8 un\u2019organizzazione formata da membri della\u00a0<strong> Corporazione Medicea Arti e Mestieri Umanistici<\/strong>\u00a0titolari di\u00a0<em>Brevetto Granducale Mediceo\u00a0<\/em>iscritti all\u2019<strong>Albo d&#8217;Oro delle Antiche Arti e Mestieri,\u00a0<\/strong>la quale intende essere all\u2019avanguardia nel supportare l\u2019educazione e l\u2019eccellenza nell\u2019artigianato in Italia.<\/p>\n\n\n\n<p>Il fondo si sta sforzando di fare la differenza per la vita e la carriera degli artigiani, allo scopo di poter mantenere i pi\u00f9 alti standard nell\u2019artigianato.<\/p>\n\n\n\n<p>Tramite il proprio programma di apprendistato&nbsp;supportato da Maestri Artigiani Toscani,&nbsp; FMBS finanzia persone di talento che desiderano entrare nel settore artigiano;&nbsp; attraverso le borse di studio FMBS intende invece fornire la svolta essenziale nella propria professione agli artigiani&nbsp; professionisti che stanno cercando di raggiungere un livello di eccellenza nella loro carriera.<\/p>\n\n\n\n<p><strong>La nascita di FMBS<\/strong><\/p>\n\n\n\n<p>I membri della Corporazione Medicea Arti e Mestieri umanistici sentivano che l\u2019artigianato italiano aveva bisogno di supporto a livello individuale per mantenere gli artigiani creativi e di talento indispensabili per le societ\u00e0 che detengono il Brevetto Granducale Mediceo.<\/p>\n\n\n\n<p>Nel Luglio 2020 la Corporazione delle Antiche Arti e Mestieri prese la decisione di creare un fondo di borse di studio per aiutare gli artigiani promettenti a sviluppare le loro capacit\u00e0 lavorando con i maestri del loro mestiere. Sua Altezza Serenissima il Granduca Ottaviano de\u2019 Medici di Toscana acconsent\u00ec quindi cortesemente di poter utilizzare il nome del Suo Casato per la nuova organizzazione benefica.<\/p>\n\n\n\n<p>Inizialmente, i fondi per la creazione del Fondo Mediceo Borse di studio saranno&nbsp; donati da membri di circoli filantropici o da sostenitori delle Arti, ai quali Sua Altezza Serenissima il Granduca Ottaviano de\u2019Medici di Toscana conceder\u00e0 i titoli onorifici di \u201c<em>Sostenitore&nbsp;<\/em><em>delle Arti\u201d, Benemerito delle Arti\u201d o \u201cPatrono delle Arti\u201d<\/em>, con facolt\u00e0 di inscrivere i propri nomi nell\u2019Albo d\u2019Onore Mediceo della Comunit\u00e0 Granducale di loro residenza. In tal modo la nuova organizzazione benefica potr\u00e0 iniziare la vita con una somma di capitale congrua.<\/p>\n\n\n\n<p>A partire dal Gennaio 2020 le domande di borse di studio potranno essere presentate dalle societ\u00e0 di Titolari di Brevetto Granducale per i loro talentuosi artigiani, nonch\u00e8 da una vasta selezione di attivit\u00e0 artigianali italiane.<\/p>\n\n\n\n<p>Desideriamo finanziare soprattutto imprese riconosciute in tutta l\u2019Italia come leader nel loro settore e che acquisiscono consensi di gradimento da tutti gli angoli del globo; questi \u201cambasciatori del mestiere\u201d&nbsp; includono in particolare gli artigiani fiorentini pi\u00f9 famosi.<\/p>\n\n\n\n<p>La visione dei titolari del Brevetto Granducale Mediceo permetter\u00e0 a FMBS di incoraggiare e sviluppare individui eccezionali che dimostrano un talento straordinario nell\u2019artigianato Artistico e tradizionale italiano, consentendo loro di eccellere nelle proprie attivit\u00e0 scelte e apportare un contributo vitale all\u2019industria artigianale italiana.<\/p>\n\n\n\n<p><strong>Borse di studio<\/strong><\/p>\n\n\n\n<p>I destinatari delle borse di studio sono scelti per il loro alto livello di abilit\u00e0, dedizione al loro mestiere e prove di un piano di carriera praticabile. Una borsa di studio FMBS \u00e8 una borsa di studio assegnata a un individuo che \u00e8 gi\u00e0 stabilito nel proprio settore artigianale e ha bisogno di finanziamenti per migliorare le proprie capacit\u00e0 per portare la propria carriera al livello successivo.<\/p>\n\n\n\n<p>Una borsa di studio \u00e8 inoltre vista come un marchio di eccellenza che differenzia questi artigiani come produttori esemplari.<\/p>\n\n\n\n<p>Gli artigiani italiani lavorando instancabilmente per far avanzare le loro attivit\u00e0 artigianali e le loro attivit\u00e0 commerciali (spesso operando come commercianti individuali), apportano un contributo all\u2019industria artigianale italiana e sostengono&nbsp; il nostro patrimonio culturale. L\u2019industria artigianale italiana vale alcuni&nbsp; miliardi di euro per l\u2019economia e FMBS esiste per garantire che l\u2019opportunit\u00e0 di contribuire a questa fiorente industria sia accessibile a tutti.<\/p>\n\n\n\n<p>Tutti i candidati alle borse di studio sono attentamente valutati per le loro esigenze di finanziamento. I dettagli su cosa ci si aspetta dalle applicazioni FMBS sono disponibili nella pagina \u201cCome presentare le domande\u201d.<\/p>\n\n\n\n<p><strong>Apprendistato e tirocini<\/strong><\/p>\n\n\n\n<p>FMBS ha avviato un programma di apprendistato denominato&nbsp;<strong>\u201c<a href=\"https:\/\/www.de-medici.com\/accademia-umanistica\/corsi-di-artigianato-artistico\">Artigianato Futuro<\/a>\u201c<\/strong>, guidato dai detentori del brevetto granducale scelti fra i&nbsp;<strong>Maestri Artigiani della Toscana.<\/strong><br>Con troppi giovani che desiderano seguire una formazione basata sul lavoro piuttosto che l\u2019universit\u00e0, \u00e8 il momento giusto di offrire una via di ingresso nel settore artigianale e dell\u2019artigianato artistico a quelli con poca o nessuna esperienza. Anche nel nostro programma per i tirocini sosteniamo il principio di FMBS di finanziare talenti esemplari e pertanto stiamo cercando quelli che riteniamo in grado di eccellere.<\/p>\n\n\n\n<p>Lo schema FMBS&nbsp; offre anche la possibilit\u00e0 ai datori di lavoro e agli apprendisti di presentare insieme domanda di sostegno per un apprendistato tradizionale. Nell\u2019anno pilota 2020 intendiamo finanziare sei apprendisti per un tirocinio presso marchi celebri . Questi apprendisti dovranno tutti essere entusiasti del proprio mestiere e nel contempo essere privi dell\u2019alto livello di esperienza dei nostri maestri artigiani che li affiancheranno; questi tirocinanti dovranno avere il patrocinio del loro datore di lavoro.<br>La formazione dell\u2019apprendistato deve essere completa per garantire che l\u2019apprendista FMBS&nbsp; sar\u00e0 considerato \u201cpronto per l\u2019industria\u201d al termine della formazione. Chiediamo una garanzia che il datore di lavoro \/ maestro possa fornire un impiego a lungo termine al termine dell\u2019apprendistato. Durante la revisione delle domande, la necessit\u00e0 di finanziamenti viene valutata attentamente.<\/p>\n\n\n\n<p><strong>Come Candidarsi<\/strong><\/p>\n\n\n\n<p>I dettagli su ci\u00f2 che ci aspettiamo dalle domande di apprendistato FMBS sono disponibili nella seguenti pagine<\/p>\n\n\n\n<p><strong><a href=\"https:\/\/www.de-medici.com\/area-riservata\/fondo-mediceo-borse-di-studio-fmbs-per-il-sostegno-delleccellenza-artigianale-italiana\">Domande per l\u2019ottenimento di Borse di Studio<\/a><\/strong><\/p>\n\n\n\n<p><strong><a href=\"https:\/\/www.de-medici.com\/area-riservata\/fondo-mediceo-borse-di-studio-fmbs-per-il-sostegno-delleccellenza-artigianale-italiana\/guida-alla-domanda-di-borse-di-studio-medicee-per-apprendisti-artigiani\">Domande per l\u2019ottenimento di Tirocini<\/a><\/strong><\/p>\n\n\n\n<p><strong><a href=\"https:\/\/www.de-medici.com\/area-riservata\/termini-e-condizioni-per-lottenimento-di-borse-medicee-di-studio\">REGOLAMENTO PER L\u2019ASSEGNAZIONE<\/a><\/strong><\/p>\n\n\n\n<p><a href=\"https:\/\/www.de-medici.com\/accademia-umanistica\/diploma-di-alta-formazionemaster-in-scienze-umanistiche-e-nobiliari-medicee\/sostieni-il-fondo-mediceo-borse-di-studio\"><strong>SOSTIENI ORA CON UNA DONAZIONE IL FONDO MEDICEO BORSE DI STUDIO<\/strong><\/a><\/p>","protected":false},"excerpt":{"rendered":"<p>FMBS (fondo Mediceo borse di studio) \u00e8 un\u2019organizzazione formata da membri della\u00a0 Corporazione Medicea Arti e Mestieri Umanistici\u00a0titolari di\u00a0Brevetto Granducale Mediceo\u00a0iscritti all\u2019Albo d&#8217;Oro delle Antiche Arti e Mestieri,\u00a0la quale intende essere all\u2019avanguardia nel supportare l\u2019educazione e l\u2019eccellenza nell\u2019artigianato in Italia. Il fondo si sta sforzando di fare la differenza per la vita e la carriera [&hellip;]<\/p>","protected":false},"author":1,"featured_media":0,"parent":253,"menu_order":4,"comment_status":"closed","ping_status":"closed","template":"","meta":[],"yoast_head":"<!-- This site is optimized with the Yoast SEO plugin v20.7 - https:\/\/yoast.com\/wordpress\/plugins\/seo\/ -->\n<title>Fondo Mediceo Borse di Studio (FMBS) - Demedici.fi<\/title>\n<meta name=\"robots\" content=\"index, follow, max-snippet:-1, max-image-preview:large, max-video-preview:-1\" \/>\n<link rel=\"canonical\" href=\"https:\/\/demedici.fi\/en\/iscrivi-la-tua-azienda\/fondo-mediceo-borse-di-studio-fmbs\/\" \/>\n<meta property=\"og:locale\" content=\"en_GB\" \/>\n<meta property=\"og:type\" content=\"article\" \/>\n<meta property=\"og:title\" content=\"Fondo Mediceo Borse di Studio (FMBS) - Demedici.fi\" \/>\n<meta property=\"og:description\" content=\"FMBS (fondo Mediceo borse di studio) \u00e8 un\u2019organizzazione formata da membri della\u00a0 Corporazione Medicea Arti e Mestieri Umanistici\u00a0titolari di\u00a0Brevetto Granducale Mediceo\u00a0iscritti all\u2019Albo d&#8217;Oro delle Antiche Arti e Mestieri,\u00a0la quale intende essere all\u2019avanguardia nel supportare l\u2019educazione e l\u2019eccellenza nell\u2019artigianato in Italia. Il fondo si sta sforzando di fare la differenza per la vita e la carriera [&hellip;]\" \/>\n<meta property=\"og:url\" content=\"https:\/\/demedici.fi\/en\/iscrivi-la-tua-azienda\/fondo-mediceo-borse-di-studio-fmbs\/\" \/>\n<meta property=\"og:site_name\" content=\"Demedici.fi\" \/>\n<meta property=\"article:modified_time\" content=\"2021-06-19T11:10:35+00:00\" \/>\n<meta property=\"og:image\" content=\"https:\/\/demedici.fi\/wp-content\/uploads\/2020\/05\/og_image_demedici_new.jpg\" \/>\n\t<meta property=\"og:image:width\" content=\"1200\" \/>\n\t<meta property=\"og:image:height\" content=\"630\" \/>\n\t<meta property=\"og:image:type\" content=\"image\/jpeg\" \/>\n<meta name=\"twitter:card\" content=\"summary_large_image\" \/>\n<meta name=\"twitter:label1\" content=\"Estimated reading time\" \/>\n\t<meta name=\"twitter:data1\" content=\"4 minutes\" \/>\n<script type=\"application\/ld+json\" class=\"yoast-schema-graph\">{\"@context\":\"https:\/\/schema.org\",\"@graph\":[{\"@type\":\"WebPage\",\"@id\":\"https:\/\/demedici.fi\/iscrivi-la-tua-azienda\/fondo-mediceo-borse-di-studio-fmbs\/\",\"url\":\"https:\/\/demedici.fi\/iscrivi-la-tua-azienda\/fondo-mediceo-borse-di-studio-fmbs\/\",\"name\":\"Fondo Mediceo Borse di Studio (FMBS) - Demedici.fi\",\"isPartOf\":{\"@id\":\"https:\/\/demedici.fi\/#website\"},\"datePublished\":\"2021-06-19T08:57:15+00:00\",\"dateModified\":\"2021-06-19T11:10:35+00:00\",\"breadcrumb\":{\"@id\":\"https:\/\/demedici.fi\/iscrivi-la-tua-azienda\/fondo-mediceo-borse-di-studio-fmbs\/#breadcrumb\"},\"inLanguage\":\"en-GB\",\"potentialAction\":[{\"@type\":\"ReadAction\",\"target\":[\"https:\/\/demedici.fi\/iscrivi-la-tua-azienda\/fondo-mediceo-borse-di-studio-fmbs\/\"]}]},{\"@type\":\"BreadcrumbList\",\"@id\":\"https:\/\/demedici.fi\/iscrivi-la-tua-azienda\/fondo-mediceo-borse-di-studio-fmbs\/#breadcrumb\",\"itemListElement\":[{\"@type\":\"ListItem\",\"position\":1,\"name\":\"Home\",\"item\":\"https:\/\/demedici.fi\/\"},{\"@type\":\"ListItem\",\"position\":2,\"name\":\"Iscriviti alla Corporazione e ricevi il Brevetto Granducale di &#8220;Impresa umanistica Medicea&#8221;\",\"item\":\"https:\/\/demedici.fi\/iscrivi-la-tua-azienda\/\"},{\"@type\":\"ListItem\",\"position\":3,\"name\":\"Fondo Mediceo Borse di Studio (FMBS)\"}]},{\"@type\":\"WebSite\",\"@id\":\"https:\/\/demedici.fi\/#website\",\"url\":\"https:\/\/demedici.fi\/\",\"name\":\"Demedici.fi\",\"description\":\"Ordine Civico Mediceo\",\"publisher\":{\"@id\":\"https:\/\/demedici.fi\/#organization\"},\"potentialAction\":[{\"@type\":\"SearchAction\",\"target\":{\"@type\":\"EntryPoint\",\"urlTemplate\":\"https:\/\/demedici.fi\/?s={search_term_string}\"},\"query-input\":\"required name=search_term_string\"}],\"inLanguage\":\"en-GB\"},{\"@type\":\"Organization\",\"@id\":\"https:\/\/demedici.fi\/#organization\",\"name\":\"Demedici.fi\",\"url\":\"https:\/\/demedici.fi\/\",\"logo\":{\"@type\":\"ImageObject\",\"inLanguage\":\"en-GB\",\"@id\":\"https:\/\/demedici.fi\/#\/schema\/logo\/image\/\",\"url\":\"https:\/\/demedici.fi\/wp-content\/uploads\/2020\/03\/cropped-ordine-civico-mediceo-logo2-1-1.png\",\"contentUrl\":\"https:\/\/demedici.fi\/wp-content\/uploads\/2020\/03\/cropped-ordine-civico-mediceo-logo2-1-1.png\",\"width\":1800,\"height\":568,\"caption\":\"Demedici.fi\"},\"image\":{\"@id\":\"https:\/\/demedici.fi\/#\/schema\/logo\/image\/\"}}]}<\/script>\n<!-- \/ Yoast SEO plugin. -->","yoast_head_json":{"title":"Fondo Mediceo Borse di Studio (FMBS) - Demedici.fi","robots":{"index":"index","follow":"follow","max-snippet":"max-snippet:-1","max-image-preview":"max-image-preview:large","max-video-preview":"max-video-preview:-1"},"canonical":"https:\/\/demedici.fi\/en\/iscrivi-la-tua-azienda\/fondo-mediceo-borse-di-studio-fmbs\/","og_locale":"en_GB","og_type":"article","og_title":"Fondo Mediceo Borse di Studio (FMBS) - Demedici.fi","og_description":"FMBS (fondo Mediceo borse di studio) \u00e8 un\u2019organizzazione formata da membri della\u00a0 Corporazione Medicea Arti e Mestieri Umanistici\u00a0titolari di\u00a0Brevetto Granducale Mediceo\u00a0iscritti all\u2019Albo d&#8217;Oro delle Antiche Arti e Mestieri,\u00a0la quale intende essere all\u2019avanguardia nel supportare l\u2019educazione e l\u2019eccellenza nell\u2019artigianato in Italia. Il fondo si sta sforzando di fare la differenza per la vita e la carriera [&hellip;]","og_url":"https:\/\/demedici.fi\/en\/iscrivi-la-tua-azienda\/fondo-mediceo-borse-di-studio-fmbs\/","og_site_name":"Demedici.fi","article_modified_time":"2021-06-19T11:10:35+00:00","og_image":[{"width":1200,"height":630,"url":"https:\/\/demedici.fi\/wp-content\/uploads\/2020\/05\/og_image_demedici_new.jpg","type":"image\/jpeg"}],"twitter_card":"summary_large_image","twitter_misc":{"Estimated reading time":"4 minutes"},"schema":{"@context":"https:\/\/schema.org","@graph":[{"@type":"WebPage","@id":"https:\/\/demedici.fi\/iscrivi-la-tua-azienda\/fondo-mediceo-borse-di-studio-fmbs\/","url":"https:\/\/demedici.fi\/iscrivi-la-tua-azienda\/fondo-mediceo-borse-di-studio-fmbs\/","name":"Fondo Mediceo Borse di Studio (FMBS) - Demedici.fi","isPartOf":{"@id":"https:\/\/demedici.fi\/#website"},"datePublished":"2021-06-19T08:57:15+00:00","dateModified":"2021-06-19T11:10:35+00:00","breadcrumb":{"@id":"https:\/\/demedici.fi\/iscrivi-la-tua-azienda\/fondo-mediceo-borse-di-studio-fmbs\/#breadcrumb"},"inLanguage":"en-GB","potentialAction":[{"@type":"ReadAction","target":["https:\/\/demedici.fi\/iscrivi-la-tua-azienda\/fondo-mediceo-borse-di-studio-fmbs\/"]}]},{"@type":"BreadcrumbList","@id":"https:\/\/demedici.fi\/iscrivi-la-tua-azienda\/fondo-mediceo-borse-di-studio-fmbs\/#breadcrumb","itemListElement":[{"@type":"ListItem","position":1,"name":"Home","item":"https:\/\/demedici.fi\/"},{"@type":"ListItem","position":2,"name":"Iscriviti alla Corporazione e ricevi il Brevetto Granducale di &#8220;Impresa umanistica Medicea&#8221;","item":"https:\/\/demedici.fi\/iscrivi-la-tua-azienda\/"},{"@type":"ListItem","position":3,"name":"Fondo Mediceo Borse di Studio (FMBS)"}]},{"@type":"WebSite","@id":"https:\/\/demedici.fi\/#website","url":"https:\/\/demedici.fi\/","name":"Demedici.fi","description":"Ordine Civico Mediceo","publisher":{"@id":"https:\/\/demedici.fi\/#organization"},"potentialAction":[{"@type":"SearchAction","target":{"@type":"EntryPoint","urlTemplate":"https:\/\/demedici.fi\/?s={search_term_string}"},"query-input":"required name=search_term_string"}],"inLanguage":"en-GB"},{"@type":"Organization","@id":"https:\/\/demedici.fi\/#organization","name":"Demedici.fi","url":"https:\/\/demedici.fi\/","logo":{"@type":"ImageObject","inLanguage":"en-GB","@id":"https:\/\/demedici.fi\/#\/schema\/logo\/image\/","url":"https:\/\/demedici.fi\/wp-content\/uploads\/2020\/03\/cropped-ordine-civico-mediceo-logo2-1-1.png","contentUrl":"https:\/\/demedici.fi\/wp-content\/uploads\/2020\/03\/cropped-ordine-civico-mediceo-logo2-1-1.png","width":1800,"height":568,"caption":"Demedici.fi"},"image":{"@id":"https:\/\/demedici.fi\/#\/schema\/logo\/image\/"}}]}},"_links":{"self":[{"href":"https:\/\/demedici.fi\/en\/wp-json\/wp\/v2\/pages\/929"}],"collection":[{"href":"https:\/\/demedici.fi\/en\/wp-json\/wp\/v2\/pages"}],"about":[{"href":"https:\/\/demedici.fi\/en\/wp-json\/wp\/v2\/types\/page"}],"author":[{"embeddable":true,"href":"https:\/\/demedici.fi\/en\/wp-json\/wp\/v2\/users\/1"}],"replies":[{"embeddable":true,"href":"https:\/\/demedici.fi\/en\/wp-json\/wp\/v2\/comments?post=929"}],"version-history":[{"count":6,"href":"https:\/\/demedici.fi\/en\/wp-json\/wp\/v2\/pages\/929\/revisions"}],"predecessor-version":[{"id":969,"href":"https:\/\/demedici.fi\/en\/wp-json\/wp\/v2\/pages\/929\/revisions\/969"}],"up":[{"embeddable":true,"href":"https:\/\/demedici.fi\/en\/wp-json\/wp\/v2\/pages\/253"}],"wp:attachment":[{"href":"https:\/\/demedici.fi\/en\/wp-json\/wp\/v2\/media?parent=929"}],"curies":[{"name":"wp","href":"https:\/\/api.w.org\/{rel}","templated":true}]}}