{"id":85,"date":"2020-03-27T16:50:00","date_gmt":"2020-03-27T16:50:00","guid":{"rendered":"https:\/\/demedici.fi\/?post_type=product&#038;p=85"},"modified":"2021-07-14T15:02:23","modified_gmt":"2021-07-14T13:02:23","slug":"tenuta-de-medici","status":"publish","type":"product","link":"https:\/\/demedici.fi\/en\/sostieni\/tenuta-de-medici\/","title":{"rendered":"Tenuta De Medici"},"content":{"rendered":"<h2><strong>Non solo vino<br \/>\n<\/strong><\/h2>\n<p>Tenuta De Medici, oltre alla selezione di vini, offre una serie di prodotti alimentari di alta qualit\u00e0 come ad esempio l\u2019olio extravergine di oliva. Le olive utilizzate per produrre l\u2019olio Tenuta De Medici sono coltivate in Italia e spremute in Italia a poche ore dalla raccolta, cos\u00ec da ottenere un prodotto dalle caratteristiche organolettiche di altissimo pregio. L\u2019olio ha una bassa acidit\u00e0, sentori di mela, mandorla, carciofo, leggere sfumature di amaro e piccante, complessivamente il gusto \u00e8 molto delicato e armonico.<\/p>","protected":false},"excerpt":{"rendered":"<p>Tenuta De Medici propone i vini pi\u00f9 prestigiosi della Toscana e d\u2019Italia. La selezione presente sul nostro sito offre un\u2019esperienza unica che racchiude la storia, il territorio, la vocazione e la meticolosa cura dei viticoltori. I vini Tenuta De Medici consentono infinite opportunit\u00e0 di gusto e soprattutto forniscono prova di tutto ci\u00f2 che il nostro territorio \u00e8 capace di trasmettere. Siamo certi che potrai assaporare la passione che mettiamo nel nostro lavoro in ogni singolo sorso dei nostri vini.<br \/>\nI fiorini potranno essere spesi sul sito <a href=\"https:\/\/www.tenutademedici.it\/shop\/\" target=\"_blank\" rel=\"noopener noreferrer\">TenutaDeMedici.it<\/a> indicando il codice in fase di completamento dell\u2019ordine.<\/p>","protected":false},"featured_media":246,"template":"","meta":[],"product_cat":[58,83],"product_tag":[47],"yoast_head":"<!-- This site is optimized with the Yoast SEO plugin v20.7 - https:\/\/yoast.com\/wordpress\/plugins\/seo\/ -->\n<title>Tenuta De Medici - Demedici.fi<\/title>\n<meta name=\"robots\" content=\"index, follow, max-snippet:-1, max-image-preview:large, max-video-preview:-1\" \/>\n<link rel=\"canonical\" href=\"https:\/\/demedici.fi\/en\/sostieni\/tenuta-de-medici\/\" \/>\n<meta property=\"og:locale\" content=\"en_GB\" \/>\n<meta property=\"og:type\" content=\"article\" \/>\n<meta property=\"og:title\" content=\"Tenuta De Medici - Demedici.fi\" \/>\n<meta property=\"og:description\" content=\"Tenuta De Medici propone i vini pi\u00f9 prestigiosi della Toscana e d\u2019Italia. La selezione presente sul nostro sito offre un\u2019esperienza unica che racchiude la storia, il territorio, la vocazione e la meticolosa cura dei viticoltori. I vini Tenuta De Medici consentono infinite opportunit\u00e0 di gusto e soprattutto forniscono prova di tutto ci\u00f2 che il nostro territorio \u00e8 capace di trasmettere. Siamo certi che potrai assaporare la passione che mettiamo nel nostro lavoro in ogni singolo sorso dei nostri vini. I fiorini potranno essere spesi sul sito TenutaDeMedici.it indicando il codice in fase di completamento dell\u2019ordine.\" \/>\n<meta property=\"og:url\" content=\"https:\/\/demedici.fi\/en\/sostieni\/tenuta-de-medici\/\" \/>\n<meta property=\"og:site_name\" content=\"Demedici.fi\" \/>\n<meta property=\"article:modified_time\" content=\"2021-07-14T13:02:23+00:00\" \/>\n<meta property=\"og:image\" content=\"https:\/\/demedici.fi\/wp-content\/uploads\/2020\/05\/og_image_demedici_new.jpg\" \/>\n\t<meta property=\"og:image:width\" content=\"1200\" \/>\n\t<meta property=\"og:image:height\" content=\"630\" \/>\n\t<meta property=\"og:image:type\" content=\"image\/jpeg\" \/>\n<meta name=\"twitter:card\" content=\"summary_large_image\" \/>\n<meta name=\"twitter:image\" content=\"https:\/\/demedici.fi\/wp-content\/uploads\/2020\/05\/og_image_demedici_new.jpg\" \/>\n<script type=\"application\/ld+json\" class=\"yoast-schema-graph\">{\"@context\":\"https:\/\/schema.org\",\"@graph\":[{\"@type\":\"WebPage\",\"@id\":\"https:\/\/demedici.fi\/sostieni\/tenuta-de-medici\/\",\"url\":\"https:\/\/demedici.fi\/sostieni\/tenuta-de-medici\/\",\"name\":\"Tenuta De Medici - Demedici.fi\",\"isPartOf\":{\"@id\":\"https:\/\/demedici.fi\/#website\"},\"datePublished\":\"2020-03-27T16:50:00+00:00\",\"dateModified\":\"2021-07-14T13:02:23+00:00\",\"breadcrumb\":{\"@id\":\"https:\/\/demedici.fi\/sostieni\/tenuta-de-medici\/#breadcrumb\"},\"inLanguage\":\"en-GB\",\"potentialAction\":[{\"@type\":\"ReadAction\",\"target\":[\"https:\/\/demedici.fi\/sostieni\/tenuta-de-medici\/\"]}]},{\"@type\":\"BreadcrumbList\",\"@id\":\"https:\/\/demedici.fi\/sostieni\/tenuta-de-medici\/#breadcrumb\",\"itemListElement\":[{\"@type\":\"ListItem\",\"position\":1,\"name\":\"Home\",\"item\":\"https:\/\/demedici.fi\/\"},{\"@type\":\"ListItem\",\"position\":2,\"name\":\"Sostieni\",\"item\":\"https:\/\/demedici.fi\/sostieni\/\"},{\"@type\":\"ListItem\",\"position\":3,\"name\":\"Tenuta De Medici\"}]},{\"@type\":\"WebSite\",\"@id\":\"https:\/\/demedici.fi\/#website\",\"url\":\"https:\/\/demedici.fi\/\",\"name\":\"Demedici.fi\",\"description\":\"Ordine Civico Mediceo\",\"publisher\":{\"@id\":\"https:\/\/demedici.fi\/#organization\"},\"potentialAction\":[{\"@type\":\"SearchAction\",\"target\":{\"@type\":\"EntryPoint\",\"urlTemplate\":\"https:\/\/demedici.fi\/?s={search_term_string}\"},\"query-input\":\"required name=search_term_string\"}],\"inLanguage\":\"en-GB\"},{\"@type\":\"Organization\",\"@id\":\"https:\/\/demedici.fi\/#organization\",\"name\":\"Demedici.fi\",\"url\":\"https:\/\/demedici.fi\/\",\"logo\":{\"@type\":\"ImageObject\",\"inLanguage\":\"en-GB\",\"@id\":\"https:\/\/demedici.fi\/#\/schema\/logo\/image\/\",\"url\":\"https:\/\/demedici.fi\/wp-content\/uploads\/2020\/03\/cropped-ordine-civico-mediceo-logo2-1-1.png\",\"contentUrl\":\"https:\/\/demedici.fi\/wp-content\/uploads\/2020\/03\/cropped-ordine-civico-mediceo-logo2-1-1.png\",\"width\":1800,\"height\":568,\"caption\":\"Demedici.fi\"},\"image\":{\"@id\":\"https:\/\/demedici.fi\/#\/schema\/logo\/image\/\"}}]}<\/script>\n<!-- \/ Yoast SEO plugin. -->","yoast_head_json":{"title":"Tenuta De Medici - Demedici.fi","robots":{"index":"index","follow":"follow","max-snippet":"max-snippet:-1","max-image-preview":"max-image-preview:large","max-video-preview":"max-video-preview:-1"},"canonical":"https:\/\/demedici.fi\/en\/sostieni\/tenuta-de-medici\/","og_locale":"en_GB","og_type":"article","og_title":"Tenuta De Medici - Demedici.fi","og_description":"Tenuta De Medici propone i vini pi\u00f9 prestigiosi della Toscana e d\u2019Italia. La selezione presente sul nostro sito offre un\u2019esperienza unica che racchiude la storia, il territorio, la vocazione e la meticolosa cura dei viticoltori. I vini Tenuta De Medici consentono infinite opportunit\u00e0 di gusto e soprattutto forniscono prova di tutto ci\u00f2 che il nostro territorio \u00e8 capace di trasmettere. Siamo certi che potrai assaporare la passione che mettiamo nel nostro lavoro in ogni singolo sorso dei nostri vini. I fiorini potranno essere spesi sul sito TenutaDeMedici.it indicando il codice in fase di completamento dell\u2019ordine.","og_url":"https:\/\/demedici.fi\/en\/sostieni\/tenuta-de-medici\/","og_site_name":"Demedici.fi","article_modified_time":"2021-07-14T13:02:23+00:00","og_image":[{"width":1200,"height":630,"url":"https:\/\/demedici.fi\/wp-content\/uploads\/2020\/05\/og_image_demedici_new.jpg","type":"image\/jpeg"}],"twitter_card":"summary_large_image","twitter_image":"https:\/\/demedici.fi\/wp-content\/uploads\/2020\/05\/og_image_demedici_new.jpg","schema":{"@context":"https:\/\/schema.org","@graph":[{"@type":"WebPage","@id":"https:\/\/demedici.fi\/sostieni\/tenuta-de-medici\/","url":"https:\/\/demedici.fi\/sostieni\/tenuta-de-medici\/","name":"Tenuta De Medici - Demedici.fi","isPartOf":{"@id":"https:\/\/demedici.fi\/#website"},"datePublished":"2020-03-27T16:50:00+00:00","dateModified":"2021-07-14T13:02:23+00:00","breadcrumb":{"@id":"https:\/\/demedici.fi\/sostieni\/tenuta-de-medici\/#breadcrumb"},"inLanguage":"en-GB","potentialAction":[{"@type":"ReadAction","target":["https:\/\/demedici.fi\/sostieni\/tenuta-de-medici\/"]}]},{"@type":"BreadcrumbList","@id":"https:\/\/demedici.fi\/sostieni\/tenuta-de-medici\/#breadcrumb","itemListElement":[{"@type":"ListItem","position":1,"name":"Home","item":"https:\/\/demedici.fi\/"},{"@type":"ListItem","position":2,"name":"Sostieni","item":"https:\/\/demedici.fi\/sostieni\/"},{"@type":"ListItem","position":3,"name":"Tenuta De Medici"}]},{"@type":"WebSite","@id":"https:\/\/demedici.fi\/#website","url":"https:\/\/demedici.fi\/","name":"Demedici.fi","description":"Ordine Civico Mediceo","publisher":{"@id":"https:\/\/demedici.fi\/#organization"},"potentialAction":[{"@type":"SearchAction","target":{"@type":"EntryPoint","urlTemplate":"https:\/\/demedici.fi\/?s={search_term_string}"},"query-input":"required name=search_term_string"}],"inLanguage":"en-GB"},{"@type":"Organization","@id":"https:\/\/demedici.fi\/#organization","name":"Demedici.fi","url":"https:\/\/demedici.fi\/","logo":{"@type":"ImageObject","inLanguage":"en-GB","@id":"https:\/\/demedici.fi\/#\/schema\/logo\/image\/","url":"https:\/\/demedici.fi\/wp-content\/uploads\/2020\/03\/cropped-ordine-civico-mediceo-logo2-1-1.png","contentUrl":"https:\/\/demedici.fi\/wp-content\/uploads\/2020\/03\/cropped-ordine-civico-mediceo-logo2-1-1.png","width":1800,"height":568,"caption":"Demedici.fi"},"image":{"@id":"https:\/\/demedici.fi\/#\/schema\/logo\/image\/"}}]}},"_links":{"self":[{"href":"https:\/\/demedici.fi\/en\/wp-json\/wp\/v2\/product\/85"}],"collection":[{"href":"https:\/\/demedici.fi\/en\/wp-json\/wp\/v2\/product"}],"about":[{"href":"https:\/\/demedici.fi\/en\/wp-json\/wp\/v2\/types\/product"}],"wp:featuredmedia":[{"embeddable":true,"href":"https:\/\/demedici.fi\/en\/wp-json\/wp\/v2\/media\/246"}],"wp:attachment":[{"href":"https:\/\/demedici.fi\/en\/wp-json\/wp\/v2\/media?parent=85"}],"wp:term":[{"taxonomy":"product_cat","embeddable":true,"href":"https:\/\/demedici.fi\/en\/wp-json\/wp\/v2\/product_cat?post=85"},{"taxonomy":"product_tag","embeddable":true,"href":"https:\/\/demedici.fi\/en\/wp-json\/wp\/v2\/product_tag?post=85"}],"curies":[{"name":"wp","href":"https:\/\/api.w.org\/{rel}","templated":true}]}}